{"id":79,"date":"2025-10-20T13:50:23","date_gmt":"2025-10-20T13:50:23","guid":{"rendered":"https:\/\/juwelier-dreger.de\/?page_id=79"},"modified":"2025-10-20T15:46:40","modified_gmt":"2025-10-20T15:46:40","slug":"trauringe-bestellen","status":"publish","type":"page","link":"https:\/\/juwelier-dreger.de\/index.php\/trauringe-bestellen\/","title":{"rendered":"Trauringe"},"content":{"rendered":"\n<ol start=\"1\" class=\"wp-block-list\"><\/ol>\n\n\n\n<p><strong>Ihre einzigartigen Trauringe einfach und sicher bestellen bei Dreger Juwelier<\/strong><\/p>\n\n\n\n<p>Bei <strong>Dreger Juwelier in Burladingen<\/strong> beginnt die Bestellung Ihrer Trauringe mit einem unvergesslichen Erlebnis: Ihrer pers\u00f6nlichen und fachkundigen Beratung. Seit 1988 begleiten wir Paare auf dem Weg zu ihren <strong>Eheringen nach Ma\u00df<\/strong>. Wir bieten Ihnen h\u00f6chste Qualit\u00e4t, individuelle Gestaltungsm\u00f6glichkeiten und einen Service, der Vertrauen schafft.<\/p>\n\n\n\n<p>Ihre Trauringe sind ein Symbol f\u00fcr die Ewigkeit. Deshalb erm\u00f6glichen wir Ihnen, diese online vorzukonfigurieren oder direkt bei uns im Gesch\u00e4ft in Burladingen zu entwerfen. Von klassischem Gold \u00fcber modernes Platin bis hin zu individuellen Gravuren \u2013 unsere Experten setzen Ihre W\u00fcnsche pr\u00e4zise um.<\/p>\n\n\n\n<p><strong>Der Bestellprozess f\u00fcr Ihre ma\u00dfgeschneiderten Trauringe:<\/strong><\/p>\n\n\n\n<ol start=\"1\" class=\"wp-block-list\">\n<li><strong>Inspiration &amp; Konfiguration:<\/strong> Nutzen Sie unseren Trauringkonfigurator (sofern vorhanden) f\u00fcr eine erste Preisindikation oder durchst\u00f6bern Sie unsere Kollektion.<\/li>\n\n\n\n<li><strong>Pers\u00f6nliche Beratung vereinbaren:<\/strong> <strong>Trauringe kaufen in Burladingen<\/strong> ist Vertrauenssache. Buchen Sie Ihren pers\u00f6nlichen Termin. Wir nehmen uns Zeit, besprechen Materialien, Profile, Steinbesatz und kl\u00e4ren alle Details f\u00fcr Ihre Bestellung.<\/li>\n\n\n\n<li><strong>Bestellung &amp; Anfertigung:<\/strong> Nach Ihrer Freigabe starten wir die pr\u00e4zise Anfertigung Ihrer <strong>ma\u00dfgeschneiderten Hochzeitsringe<\/strong>. Wir informieren Sie, sobald Ihre Ringe zur Abholung bereit sind.<\/li>\n<\/ol>\n\n\n\n<p>Vertrauen Sie auf unsere langj\u00e4hrige Erfahrung. Starten Sie die Bestellung Ihrer ewigen Symbole der Liebe noch heute.<\/p>\n","protected":false},"excerpt":{"rendered":"<p>Ihre einzigartigen Trauringe einfach und sicher bestellen bei Dreger Juwelier Bei Dreger Juwelier in Burladingen beginnt die Bestellung Ihrer Trauringe mit einem unvergesslichen Erlebnis: Ihrer pers\u00f6nlichen und fachkundigen Beratung. Seit 1988 begleiten wir Paare auf dem Weg zu ihren Eheringen nach Ma\u00df. Wir bieten Ihnen h\u00f6chste Qualit\u00e4t, individuelle Gestaltungsm\u00f6glichkeiten und einen Service, der Vertrauen schafft. [&hellip;]<\/p>\n","protected":false},"author":1,"featured_media":0,"parent":0,"menu_order":0,"comment_status":"closed","ping_status":"closed","template":"","meta":{"footnotes":""},"class_list":["post-79","page","type-page","status-publish","hentry"],"_links":{"self":[{"href":"https:\/\/juwelier-dreger.de\/index.php\/wp-json\/wp\/v2\/pages\/79","targetHints":{"allow":["GET"]}}],"collection":[{"href":"https:\/\/juwelier-dreger.de\/index.php\/wp-json\/wp\/v2\/pages"}],"about":[{"href":"https:\/\/juwelier-dreger.de\/index.php\/wp-json\/wp\/v2\/types\/page"}],"author":[{"embeddable":true,"href":"https:\/\/juwelier-dreger.de\/index.php\/wp-json\/wp\/v2\/users\/1"}],"replies":[{"embeddable":true,"href":"https:\/\/juwelier-dreger.de\/index.php\/wp-json\/wp\/v2\/comments?post=79"}],"version-history":[{"count":8,"href":"https:\/\/juwelier-dreger.de\/index.php\/wp-json\/wp\/v2\/pages\/79\/revisions"}],"predecessor-version":[{"id":93,"href":"https:\/\/juwelier-dreger.de\/index.php\/wp-json\/wp\/v2\/pages\/79\/revisions\/93"}],"wp:attachment":[{"href":"https:\/\/juwelier-dreger.de\/index.php\/wp-json\/wp\/v2\/media?parent=79"}],"curies":[{"name":"wp","href":"https:\/\/api.w.org\/{rel}","templated":true}]}}